{"id":2036,"date":"2022-04-29T12:08:39","date_gmt":"2022-04-29T10:08:39","guid":{"rendered":"http:\/\/joieriagloriapardo.com\/nosaltres\/"},"modified":"2025-09-10T14:10:39","modified_gmt":"2025-09-10T12:10:39","slug":"nosaltres","status":"publish","type":"page","link":"https:\/\/joieriagloriapardo.com\/es\/nosaltres\/","title":{"rendered":"Nosotros"},"content":{"rendered":"<p>[et_pb_section fb_built=\u00bb1&#8243; _builder_version=\u00bb4.19.0&#8243; _module_preset=\u00bbdefault\u00bb background_image=\u00bbhttp:\/\/joieriagloriapardo.com\/wp-content\/uploads\/2022\/11\/headernosaltres2.jpg\u00bb width=\u00bb100%\u00bb max_width=\u00bb100%\u00bb height=\u00bb430px\u00bb max_height=\u00bb430px\u00bb custom_margin=\u00bb0px||||false|false\u00bb custom_padding=\u00bb0px||||false|false\u00bb global_colors_info=\u00bb{}\u00bb][et_pb_row _builder_version=\u00bb4.17.3&#8243; _module_preset=\u00bbdefault\u00bb max_width=\u00bb1200px\u00bb height=\u00bb550px\u00bb max_height=\u00bb550px\u00bb custom_margin=\u00bb0px||||false|false\u00bb custom_padding=\u00bb0px||||false|false\u00bb global_colors_info=\u00bb{}\u00bb][et_pb_column type=\u00bb4_4&#8243; _builder_version=\u00bb4.16&#8243; _module_preset=\u00bbdefault\u00bb global_colors_info=\u00bb{}\u00bb][et_pb_text content_tablet=\u00bb<\/p>\n<h1>Nuestra historia<\/h1>\n<p>Desde 1910 hasta la actualidad, acomp\u00e1\u00f1anos y ad\u00e9ntrate en nuestra historia.<\/p>\n<p>\u00bb content_phone=\u00bb<\/p>\n<h1>Nuestra historia<\/h1>\n<p>Desde 1910 hasta la actualidad, acomp\u00e1\u00f1anos y ad\u00e9ntrate en nuestra historia.<br \/>\n\u00bb content_last_edited=\u00bbon|desktop\u00bb _builder_version=\u00bb4.19.0&#8243; _module_preset=\u00bbdefault\u00bb text_font=\u00bbInter|300|||||||\u00bb text_text_color=\u00bb#f2ece8&#8243; text_font_size=\u00bb17px\u00bb text_line_height=\u00bb28px\u00bb header_font=\u00bbSprat-Regular||||||||\u00bb header_text_color=\u00bb#f2ece8&#8243; header_font_size=\u00bb47px\u00bb header_line_height=\u00bb50px\u00bb custom_padding=\u00bb10%||||false|false\u00bb header_text_align_tablet=\u00bb\u00bb header_text_align_phone=\u00bbleft\u00bb header_text_align_last_edited=\u00bbon|phone\u00bb global_colors_info=\u00bb{}\u00bb]<\/p>\n<h1>Nuestra historia<\/h1>\n<p>Desde 1910 hasta la actualidad, acomp\u00e1\u00f1anos<br \/>y ad\u00e9ntrate en nuestra historia.<\/p>\n<p>[\/et_pb_text][\/et_pb_column][\/et_pb_row][\/et_pb_section][et_pb_section fb_built=\u00bb1&#8243; _builder_version=\u00bb4.16.0&#8243; _module_preset=\u00bbdefault\u00bb custom_margin=\u00bb||0px||false|false\u00bb custom_padding=\u00bb||0px||false|false\u00bb global_colors_info=\u00bb{}\u00bb][et_pb_row column_structure=\u00bb1_2,1_2&#8243; make_equal=\u00bbon\u00bb _builder_version=\u00bb4.17.4&#8243; _module_preset=\u00bbdefault\u00bb width=\u00bb100%\u00bb width_tablet=\u00bb100%\u00bb width_phone=\u00bb80%\u00bb width_last_edited=\u00bbon|phone\u00bb max_width=\u00bb70%\u00bb max_width_tablet=\u00bb70%\u00bb max_width_phone=\u00bb1080px\u00bb max_width_last_edited=\u00bbon|phone\u00bb custom_margin=\u00bb||0px||false|false\u00bb custom_padding=\u00bb||0px||false|false\u00bb global_colors_info=\u00bb{}\u00bb][et_pb_column type=\u00bb1_2&#8243; _builder_version=\u00bb4.17.3&#8243; _module_preset=\u00bbdefault\u00bb background_image=\u00bbhttp:\/\/joieriagloriapardo.com\/wp-content\/uploads\/2022\/04\/Rectangle-37.jpg\u00bb global_colors_info=\u00bb{}\u00bb][et_pb_divider show_divider=\u00bboff\u00bb disabled_on=\u00bboff|off|on\u00bb _builder_version=\u00bb4.17.4&#8243; _module_preset=\u00bbdefault\u00bb min_height=\u00bb100vw\u00bb global_colors_info=\u00bb{}\u00bb][\/et_pb_divider][\/et_pb_column][et_pb_column type=\u00bb1_2&#8243; _builder_version=\u00bb4.17.3&#8243; _module_preset=\u00bbdefault\u00bb custom_padding=\u00bb|0%|||false|false\u00bb global_colors_info=\u00bb{}\u00bb][et_pb_image src=\u00bbhttp:\/\/joieriagloriapardo.com\/wp-content\/uploads\/2022\/11\/Icona-2.svg\u00bb title_text=\u00bbIcona 2&#8243; align_tablet=\u00bb\u00bb align_phone=\u00bbcenter\u00bb align_last_edited=\u00bbon|phone\u00bb _builder_version=\u00bb4.19.0&#8243; _module_preset=\u00bbdefault\u00bb custom_margin=\u00bb||10px||false|false\u00bb custom_padding=\u00bb||||false|false\u00bb global_colors_info=\u00bb{}\u00bb][\/et_pb_image][et_pb_text admin_label=\u00bbTitle\u00bb _builder_version=\u00bb4.19.0&#8243; text_font=\u00bbSprat-Regular||||||||\u00bb text_text_color=\u00bb#704b2f\u00bb text_font_size=\u00bb47px\u00bb text_line_height=\u00bb50px\u00bb header_font=\u00bb||||||||\u00bb header_text_align=\u00bbleft\u00bb header_2_font=\u00bbSprat-Regular||||||||\u00bb header_2_text_align=\u00bbleft\u00bb header_2_text_color=\u00bb#704b2f\u00bb header_2_font_size=\u00bb47px\u00bb header_2_line_height=\u00bb50px\u00bb custom_margin=\u00bb||20px|\u00bb animation_style=\u00bbslide\u00bb animation_direction=\u00bbtop\u00bb animation_intensity_slide=\u00bb30%\u00bb animation_starting_opacity=\u00bb100%\u00bb header_2_text_align_tablet=\u00bbleft\u00bb header_2_text_align_phone=\u00bbcenter\u00bb header_2_text_align_last_edited=\u00bbon|phone\u00bb header_2_font_size_tablet=\u00bb47px\u00bb header_2_font_size_phone=\u00bb35px\u00bb header_2_font_size_last_edited=\u00bbon|phone\u00bb text_orientation_phone=\u00bbcenter\u00bb text_orientation_last_edited=\u00bboff|phone\u00bb locked=\u00bboff\u00bb global_colors_info=\u00bb{}\u00bb]<\/p>\n<h2>El sello de un<br \/>trabajo bien hecho<\/h2>\n<p>[\/et_pb_text][et_pb_text _builder_version=\u00bb4.19.0&#8243; _module_preset=\u00bbdefault\u00bb text_font=\u00bbInter|300|||||||\u00bb text_text_color=\u00bb#704b2f\u00bb text_font_size=\u00bb17px\u00bb text_line_height=\u00bb28px\u00bb custom_padding=\u00bb||10%||false|false\u00bb global_colors_info=\u00bb{}\u00bb]<\/p>\n<p>M\u00e1s de 100 a\u00f1os avalan el buen trabajo de la familia Pardo en su negocio de relojer\u00eda y joyer\u00eda. Sin duda, su amor por la profesi\u00f3n ha sido el motor que ha hecho posible convertir a la firma en centenaria.<\/p>\n<p>Gracias a la pasi\u00f3n, profesionalidad y honestidad con todos sus p\u00fablicos, tanto proveedores como clientes, ha reafirmado su sello y asentamiento en el tiempo.<\/p>\n<p>En las Joyer\u00edas Gl\u00f2ria Pardo encontrar\u00e9is un taller propio para poder daros el servicio de dise\u00f1o de joyas personalizadas y actualizaci\u00f3n de joyas antiguas.<\/p>\n<p>Gl\u00f2ria Pardo es tambi\u00e9n sin\u00f3nimo de dise\u00f1o, moda y calidad. Cada temporada presenta nuevas colecciones en joyer\u00eda, plata y relojer\u00eda.<\/p>\n<p>Cada pieza que creamos est\u00e1 cuidadosamente hecha a mano y pensada, cuidando un legado transmitido a lo largo de las generaciones.<\/p>\n<p>[\/et_pb_text][\/et_pb_column][\/et_pb_row][\/et_pb_section][et_pb_section fb_built=\u00bb1&#8243; _builder_version=\u00bb4.19.0&#8243; _module_preset=\u00bbdefault\u00bb background_image=\u00bbhttp:\/\/joieriagloriapardo.com\/wp-content\/uploads\/2022\/11\/Rectangle-38.jpg\u00bb height=\u00bb600px\u00bb max_height=\u00bb600px\u00bb global_colors_info=\u00bb{}\u00bb][\/et_pb_section][et_pb_section fb_built=\u00bb1&#8243; _builder_version=\u00bb4.16.0&#8243; _module_preset=\u00bbdefault\u00bb global_colors_info=\u00bb{}\u00bb][et_pb_row column_structure=\u00bb1_2,1_2&#8243; _builder_version=\u00bb4.16.0&#8243; _module_preset=\u00bbdefault\u00bb global_colors_info=\u00bb{}\u00bb][et_pb_column type=\u00bb1_2&#8243; _builder_version=\u00bb4.16.0&#8243; _module_preset=\u00bbdefault\u00bb global_colors_info=\u00bb{}\u00bb][et_pb_text _builder_version=\u00bb4.19.0&#8243; _module_preset=\u00bbdefault\u00bb text_font=\u00bbSprat-Regular||||||||\u00bb text_text_color=\u00bb#704b2f\u00bb text_font_size=\u00bb47px\u00bb text_line_height=\u00bb50px\u00bb custom_padding=\u00bb0px||||false|false\u00bb custom_padding_tablet=\u00bb125px||||false|false\u00bb custom_padding_phone=\u00bb0px||||false|false\u00bb custom_padding_last_edited=\u00bbon|phone\u00bb global_colors_info=\u00bb{}\u00bb]<\/p>\n<p>Un viaje en el tiempo<\/p>\n<p>[\/et_pb_text][et_pb_text _builder_version=\u00bb4.19.0&#8243; _module_preset=\u00bbdefault\u00bb text_font=\u00bbInter|300|||||||\u00bb text_text_color=\u00bb#704b2f\u00bb text_font_size=\u00bb17px\u00bb text_line_height=\u00bb28px\u00bb global_colors_info=\u00bb{}\u00bb]<\/p>\n<p><strong>1910<\/strong> Todo comienza este a\u00f1o en Badalona en una barber\u00eda propiedad de Emili Pardo, donde su hijo Emili Pardo Serra, aprendiz de relojero comienza a arreglar relojes de bolsillo.<\/p>\n<p><strong>1936<\/strong> Emili j\u00fanior se casa e inicia el negocio de relojer\u00eda en la calle Torner de Badalona, \u200b\u200bdonde ofrece los servicios de reparaci\u00f3n y venta de relojes. Unos a\u00f1os m\u00e1s tarde vuelve a la calle Provid\u00e8ncia y con el paso del tiempo. Emili ha aprendido bien el oficio y consolida el negocio familiar en el mundo de la relojer\u00eda.<\/p>\n<p>Unos a\u00f1os m\u00e1s tarde la esposa de Emili, Anna Garcia, decide ampliar el negocio con la introducci\u00f3n de joyer\u00eda. Su incorporaci\u00f3n va acompa\u00f1ada de reformas en la tienda que confirman los avances y crecimiento del negocio.<\/p>\n<p>[\/et_pb_text][\/et_pb_column][et_pb_column type=\u00bb1_2&#8243; _builder_version=\u00bb4.16.0&#8243; _module_preset=\u00bbdefault\u00bb global_colors_info=\u00bb{}\u00bb][et_pb_image src=\u00bbhttp:\/\/joieriagloriapardo.com\/wp-content\/uploads\/2022\/11\/botigaphoto.jpg\u00bb title_text=\u00bbbotigaphoto\u00bb _builder_version=\u00bb4.19.0&#8243; _module_preset=\u00bbdefault\u00bb global_colors_info=\u00bb{}\u00bb][\/et_pb_image][\/et_pb_column][\/et_pb_row][et_pb_row _builder_version=\u00bb4.17.3&#8243; _module_preset=\u00bbdefault\u00bb custom_margin=\u00bb0px||||false|false\u00bb custom_padding=\u00bb0px||||false|false\u00bb global_colors_info=\u00bb{}\u00bb][et_pb_column type=\u00bb4_4&#8243; _builder_version=\u00bb4.16.0&#8243; _module_preset=\u00bbdefault\u00bb global_colors_info=\u00bb{}\u00bb][et_pb_text _builder_version=\u00bb4.19.0&#8243; _module_preset=\u00bbdefault\u00bb text_font=\u00bbInter|300|||||||\u00bb text_text_color=\u00bb#704b2f\u00bb text_font_size=\u00bb17px\u00bb text_line_height=\u00bb28px\u00bb global_colors_info=\u00bb{}\u00bb]<\/p>\n<p><strong>2000<\/strong> Gl\u00f2ria Pardo toma la direcci\u00f3n del negocio familiar, impuls\u00e1ndolo con nuevas ideas y grandes dosis de creatividad que contribuyen a seguir con el crecimiento de la joyer\u00eda.<\/p>\n<p><strong>2008<\/strong> Gl\u00f2ria inicia una nueva reforma de la joyer\u00eda de Badalona como s\u00edmbolo de la consolidaci\u00f3n que la familia Pardo ha adquirido a lo largo de todos sus a\u00f1os de dedicaci\u00f3n.<\/p>\n<p><strong>2009<\/strong> Gl\u00f2ria expande el negocio familiar y abre una segunda joyer\u00eda en Barcelona, \u200b\u200ben el Passeig Fabra i Puig.<\/p>\n<p><strong>2016<\/strong> Una nueva oportunidad de expansi\u00f3n se abre en Badalona una nueva joyer\u00eda en la calle Francesc Layret 12, \u00e9sta es una nueva expresi\u00f3n del estilo y dinamismo de Gl\u00f2ria Pardo poniendo toda la experiencia de m\u00e1s de 100 a\u00f1os en un formato de joyer\u00eda moderna donde poder exponer las joyas y relojes que conforman un estilo propio que une elegancia, dise\u00f1o y valor.<\/p>\n<p><strong>2022<\/strong> Proyecto de transformaci\u00f3n digital con una renovaci\u00f3n y actualizaci\u00f3n de la p\u00e1gina web (con opci\u00f3n a compra de tarjetas regalo), las redes sociales y la imagen de la marca. Un proceso digitalizador que aporta calidad e innovaci\u00f3n a la joyer\u00eda sin perder la artesan\u00eda y tradici\u00f3n.<\/p>\n<p>[\/et_pb_text][\/et_pb_column][\/et_pb_row][\/et_pb_section][et_pb_section fb_built=\u00bb1&#8243; _builder_version=\u00bb4.19.0&#8243; _module_preset=\u00bbdefault\u00bb background_image=\u00bbhttp:\/\/joieriagloriapardo.com\/wp-content\/uploads\/2022\/11\/Rectangle-443.jpg\u00bb background_size=\u00bbinitial\u00bb background_position=\u00bbcenter_right\u00bb background_horizontal_offset=\u00bb0%\u00bb background_repeat=\u00bbrepeat-y\u00bb custom_padding=\u00bb5%||5%||true|false\u00bb global_colors_info=\u00bb{}\u00bb][et_pb_row column_structure=\u00bb1_2,1_2&#8243; use_custom_gutter=\u00bbon\u00bb gutter_width=\u00bb2&#8243; _builder_version=\u00bb4.16.0&#8243; _module_preset=\u00bbdefault\u00bb width=\u00bb100%\u00bb max_width=\u00bb80%\u00bb global_colors_info=\u00bb{}\u00bb][et_pb_column type=\u00bb1_2&#8243; _builder_version=\u00bb4.16.0&#8243; _module_preset=\u00bbdefault\u00bb global_colors_info=\u00bb{}\u00bb][et_pb_image src=\u00bbhttp:\/\/joieriagloriapardo.com\/wp-content\/uploads\/2022\/11\/slider_0003_20221111_192021.jpg\u00bb title_text=\u00bbslider_0003_20221111_192021&#8243; align=\u00bbcenter\u00bb force_fullwidth=\u00bbon\u00bb _builder_version=\u00bb4.19.0&#8243; _module_preset=\u00bbdefault\u00bb locked=\u00bboff\u00bb global_colors_info=\u00bb{}\u00bb][\/et_pb_image][\/et_pb_column][et_pb_column type=\u00bb1_2&#8243; _builder_version=\u00bb4.16.0&#8243; _module_preset=\u00bbdefault\u00bb global_colors_info=\u00bb{}\u00bb][et_pb_image src=\u00bbhttp:\/\/joieriagloriapardo.com\/wp-content\/uploads\/2022\/11\/slider_0000_20221111_191428.jpg\u00bb title_text=\u00bbslider_0000_20221111_191428&#8243; align=\u00bbcenter\u00bb force_fullwidth=\u00bbon\u00bb _builder_version=\u00bb4.19.0&#8243; _module_preset=\u00bbdefault\u00bb locked=\u00bboff\u00bb global_colors_info=\u00bb{}\u00bb][\/et_pb_image][\/et_pb_column][\/et_pb_row][et_pb_row column_structure=\u00bb1_2,1_2&#8243; use_custom_gutter=\u00bbon\u00bb gutter_width=\u00bb2&#8243; custom_padding_last_edited=\u00bbon|phone\u00bb _builder_version=\u00bb4.17.4&#8243; _module_preset=\u00bbdefault\u00bb width=\u00bb100%\u00bb max_width=\u00bb80%\u00bb custom_padding_tablet=\u00bb\u00bb custom_padding_phone=\u00bb0px||||false|false\u00bb global_colors_info=\u00bb{}\u00bb locked=\u00bboff\u00bb][et_pb_column type=\u00bb1_2&#8243; _builder_version=\u00bb4.16.0&#8243; _module_preset=\u00bbdefault\u00bb global_colors_info=\u00bb{}\u00bb][et_pb_image src=\u00bbhttp:\/\/joieriagloriapardo.com\/wp-content\/uploads\/2022\/12\/botiga2_0001_20221111_194753.jpg\u00bb title_text=\u00bbbotiga2_0001_20221111_194753&#8243; align=\u00bbcenter\u00bb force_fullwidth=\u00bbon\u00bb _builder_version=\u00bb4.19.0&#8243; _module_preset=\u00bbdefault\u00bb hover_enabled=\u00bb0&#8243; global_colors_info=\u00bb{}\u00bb sticky_enabled=\u00bb0&#8243;][\/et_pb_image][\/et_pb_column][et_pb_column type=\u00bb1_2&#8243; _builder_version=\u00bb4.16.0&#8243; _module_preset=\u00bbdefault\u00bb global_colors_info=\u00bb{}\u00bb][et_pb_image src=\u00bbhttp:\/\/joieriagloriapardo.com\/wp-content\/uploads\/2022\/12\/botiga2_0000_20221111_194918.jpg\u00bb title_text=\u00bbbotiga2_0000_20221111_194918&#8243; align=\u00bbcenter\u00bb force_fullwidth=\u00bbon\u00bb _builder_version=\u00bb4.19.0&#8243; _module_preset=\u00bbdefault\u00bb hover_enabled=\u00bb0&#8243; global_colors_info=\u00bb{}\u00bb sticky_enabled=\u00bb0&#8243;][\/et_pb_image][\/et_pb_column][\/et_pb_row][\/et_pb_section][et_pb_section fb_built=\u00bb1&#8243; _builder_version=\u00bb4.19.0&#8243; _module_preset=\u00bbdefault\u00bb locked=\u00bboff\u00bb global_colors_info=\u00bb{}\u00bb][et_pb_row column_structure=\u00bb2_5,3_5&#8243; use_custom_gutter=\u00bbon\u00bb gutter_width=\u00bb1&#8243; make_equal=\u00bbon\u00bb _builder_version=\u00bb4.19.0&#8243; _module_preset=\u00bbdefault\u00bb width=\u00bb100%\u00bb max_width=\u00bb100%\u00bb custom_padding=\u00bb||||false|false\u00bb global_colors_info=\u00bb{}\u00bb][et_pb_column type=\u00bb2_5&#8243; _builder_version=\u00bb4.19.0&#8243; _module_preset=\u00bbdefault\u00bb background_color=\u00bb#704b2f\u00bb custom_padding=\u00bb|8%||10%|false|false\u00bb custom_css_main_element=\u00bbdisplay: flex;||flex-direction: column;||justify-content: center;\u00bb global_colors_info=\u00bb{}\u00bb][et_pb_text _builder_version=\u00bb4.17.4&#8243; _module_preset=\u00bbdefault\u00bb text_font=\u00bbSprat-Regular||||||||\u00bb text_text_color=\u00bb#FFFFFF\u00bb text_font_size=\u00bb47px\u00bb text_line_height=\u00bb50px\u00bb custom_padding=\u00bb||15%||false|false\u00bb text_orientation_tablet=\u00bb\u00bb text_orientation_phone=\u00bbcenter\u00bb text_orientation_last_edited=\u00bbon|phone\u00bb locked=\u00bboff\u00bb global_colors_info=\u00bb{}\u00bb]Nuestro equipo[\/et_pb_text][et_pb_text _builder_version=\u00bb4.17.4&#8243; _module_preset=\u00bbdefault\u00bb text_font=\u00bbInter|300|||||||\u00bb text_text_color=\u00bb#FFFFFF\u00bb text_font_size=\u00bb17px\u00bb text_line_height=\u00bb28px\u00bb locked=\u00bboff\u00bb global_colors_info=\u00bb{}\u00bb]Los deseos est\u00e1n hechos para ser cumplidos, nuestro equipo de profesionales siempre est\u00e1 dispuesto a ayudarte a expresar los tuyos y hacerlos realidad.<\/p>\n<p>No dudes en contactar con nosotros, estamos listos para solucionar tus dudas.[\/et_pb_text][\/et_pb_column][et_pb_column type=\u00bb3_5&#8243; _builder_version=\u00bb4.19.0&#8243; _module_preset=\u00bbdefault\u00bb global_colors_info=\u00bb{}\u00bb][et_pb_nextend_smart_slider_3 slider=\u00bb6&#8243; _builder_version=\u00bb4.19.0&#8243; _module_preset=\u00bbdefault\u00bb global_colors_info=\u00bb{}\u00bb][\/et_pb_nextend_smart_slider_3][\/et_pb_column][\/et_pb_row][\/et_pb_section]<\/p>\n","protected":false},"excerpt":{"rendered":"<p>Nuestra historia Desde 1910 hasta la actualidad, acomp\u00e1\u00f1anosy ad\u00e9ntrate en nuestra historia.El sello de untrabajo bien hechoM\u00e1s de 100 a\u00f1os avalan el buen trabajo de la familia Pardo en su negocio de relojer\u00eda y joyer\u00eda. Sin duda, su amor por la profesi\u00f3n ha sido el motor que ha hecho posible convertir a la firma en [&hellip;]<\/p>\n","protected":false},"author":4,"featured_media":0,"parent":0,"menu_order":0,"comment_status":"closed","ping_status":"closed","template":"","meta":{"_et_pb_use_builder":"on","_et_pb_old_content":"","_et_gb_content_width":"","inline_featured_image":false,"_joinchat":[],"footnotes":""},"class_list":["post-2036","page","type-page","status-publish","hentry"],"yoast_head":"<!-- This site is optimized with the Yoast SEO plugin v26.2 - https:\/\/yoast.com\/wordpress\/plugins\/seo\/ -->\n<title>Tradici\u00f3n y artesan\u00eda en joyer\u00eda desde hace m\u00e1s de 100 a\u00f1os<\/title>\n<meta name=\"description\" content=\"Conoce nuestra historia y el compromiso con la calidad y la atenci\u00f3n personalizada.\" \/>\n<meta name=\"robots\" content=\"index, follow, max-snippet:-1, max-image-preview:large, max-video-preview:-1\" \/>\n<link rel=\"canonical\" href=\"https:\/\/joieriagloriapardo.com\/es\/nosaltres\/\" \/>\n<meta property=\"og:locale\" content=\"es_ES\" \/>\n<meta property=\"og:type\" content=\"article\" \/>\n<meta property=\"og:title\" content=\"Tradici\u00f3n y artesan\u00eda en joyer\u00eda desde hace m\u00e1s de 100 a\u00f1os\" \/>\n<meta property=\"og:description\" content=\"Conoce nuestra historia y el compromiso con la calidad y la atenci\u00f3n personalizada.\" \/>\n<meta property=\"og:url\" content=\"https:\/\/joieriagloriapardo.com\/es\/nosaltres\/\" \/>\n<meta property=\"og:site_name\" content=\"Gl\u00f2ria Pardo\" \/>\n<meta property=\"article:publisher\" content=\"https:\/\/www.facebook.com\/JoieriaGloriaPardo\/\" \/>\n<meta property=\"article:modified_time\" content=\"2025-09-10T12:10:39+00:00\" \/>\n<meta name=\"twitter:card\" content=\"summary_large_image\" \/>\n<meta name=\"twitter:label1\" content=\"Tiempo de lectura\" \/>\n\t<meta name=\"twitter:data1\" content=\"5 minutos\" \/>\n<script type=\"application\/ld+json\" class=\"yoast-schema-graph\">{\"@context\":\"https:\/\/schema.org\",\"@graph\":[{\"@type\":\"WebPage\",\"@id\":\"https:\/\/joieriagloriapardo.com\/es\/nosaltres\/\",\"url\":\"https:\/\/joieriagloriapardo.com\/es\/nosaltres\/\",\"name\":\"Tradici\u00f3n y artesan\u00eda en joyer\u00eda desde hace m\u00e1s de 100 a\u00f1os\",\"isPartOf\":{\"@id\":\"https:\/\/joieriagloriapardo.com\/#website\"},\"datePublished\":\"2022-04-29T10:08:39+00:00\",\"dateModified\":\"2025-09-10T12:10:39+00:00\",\"description\":\"Conoce nuestra historia y el compromiso con la calidad y la atenci\u00f3n personalizada.\",\"breadcrumb\":{\"@id\":\"https:\/\/joieriagloriapardo.com\/es\/nosaltres\/#breadcrumb\"},\"inLanguage\":\"es\",\"potentialAction\":[{\"@type\":\"ReadAction\",\"target\":[\"https:\/\/joieriagloriapardo.com\/es\/nosaltres\/\"]}]},{\"@type\":\"BreadcrumbList\",\"@id\":\"https:\/\/joieriagloriapardo.com\/es\/nosaltres\/#breadcrumb\",\"itemListElement\":[{\"@type\":\"ListItem\",\"position\":1,\"name\":\"Inici\",\"item\":\"https:\/\/joieriagloriapardo.com\/es\/\"},{\"@type\":\"ListItem\",\"position\":2,\"name\":\"Nosotros\"}]},{\"@type\":\"WebSite\",\"@id\":\"https:\/\/joieriagloriapardo.com\/#website\",\"url\":\"https:\/\/joieriagloriapardo.com\/\",\"name\":\"Gl\u00f2ria Pardo\",\"description\":\"\",\"publisher\":{\"@id\":\"https:\/\/joieriagloriapardo.com\/#organization\"},\"potentialAction\":[{\"@type\":\"SearchAction\",\"target\":{\"@type\":\"EntryPoint\",\"urlTemplate\":\"https:\/\/joieriagloriapardo.com\/?s={search_term_string}\"},\"query-input\":{\"@type\":\"PropertyValueSpecification\",\"valueRequired\":true,\"valueName\":\"search_term_string\"}}],\"inLanguage\":\"es\"},{\"@type\":\"Organization\",\"@id\":\"https:\/\/joieriagloriapardo.com\/#organization\",\"name\":\"Gl\u00f2ria Pardo\",\"url\":\"https:\/\/joieriagloriapardo.com\/\",\"logo\":{\"@type\":\"ImageObject\",\"inLanguage\":\"es\",\"@id\":\"https:\/\/joieriagloriapardo.com\/#\/schema\/logo\/image\/\",\"url\":\"https:\/\/joieriagloriapardo.com\/wp-content\/uploads\/2022\/03\/gloria-pardo-gold.svg\",\"contentUrl\":\"https:\/\/joieriagloriapardo.com\/wp-content\/uploads\/2022\/03\/gloria-pardo-gold.svg\",\"width\":\"1024\",\"height\":\"1024\",\"caption\":\"Gl\u00f2ria Pardo\"},\"image\":{\"@id\":\"https:\/\/joieriagloriapardo.com\/#\/schema\/logo\/image\/\"},\"sameAs\":[\"https:\/\/www.facebook.com\/JoieriaGloriaPardo\/\",\"https:\/\/www.instagram.com\/joieriagloriapardo\/\"]}]}<\/script>\n<!-- \/ Yoast SEO plugin. -->","yoast_head_json":{"title":"Tradici\u00f3n y artesan\u00eda en joyer\u00eda desde hace m\u00e1s de 100 a\u00f1os","description":"Conoce nuestra historia y el compromiso con la calidad y la atenci\u00f3n personalizada.","robots":{"index":"index","follow":"follow","max-snippet":"max-snippet:-1","max-image-preview":"max-image-preview:large","max-video-preview":"max-video-preview:-1"},"canonical":"https:\/\/joieriagloriapardo.com\/es\/nosaltres\/","og_locale":"es_ES","og_type":"article","og_title":"Tradici\u00f3n y artesan\u00eda en joyer\u00eda desde hace m\u00e1s de 100 a\u00f1os","og_description":"Conoce nuestra historia y el compromiso con la calidad y la atenci\u00f3n personalizada.","og_url":"https:\/\/joieriagloriapardo.com\/es\/nosaltres\/","og_site_name":"Gl\u00f2ria Pardo","article_publisher":"https:\/\/www.facebook.com\/JoieriaGloriaPardo\/","article_modified_time":"2025-09-10T12:10:39+00:00","twitter_card":"summary_large_image","twitter_misc":{"Tiempo de lectura":"5 minutos"},"schema":{"@context":"https:\/\/schema.org","@graph":[{"@type":"WebPage","@id":"https:\/\/joieriagloriapardo.com\/es\/nosaltres\/","url":"https:\/\/joieriagloriapardo.com\/es\/nosaltres\/","name":"Tradici\u00f3n y artesan\u00eda en joyer\u00eda desde hace m\u00e1s de 100 a\u00f1os","isPartOf":{"@id":"https:\/\/joieriagloriapardo.com\/#website"},"datePublished":"2022-04-29T10:08:39+00:00","dateModified":"2025-09-10T12:10:39+00:00","description":"Conoce nuestra historia y el compromiso con la calidad y la atenci\u00f3n personalizada.","breadcrumb":{"@id":"https:\/\/joieriagloriapardo.com\/es\/nosaltres\/#breadcrumb"},"inLanguage":"es","potentialAction":[{"@type":"ReadAction","target":["https:\/\/joieriagloriapardo.com\/es\/nosaltres\/"]}]},{"@type":"BreadcrumbList","@id":"https:\/\/joieriagloriapardo.com\/es\/nosaltres\/#breadcrumb","itemListElement":[{"@type":"ListItem","position":1,"name":"Inici","item":"https:\/\/joieriagloriapardo.com\/es\/"},{"@type":"ListItem","position":2,"name":"Nosotros"}]},{"@type":"WebSite","@id":"https:\/\/joieriagloriapardo.com\/#website","url":"https:\/\/joieriagloriapardo.com\/","name":"Gl\u00f2ria Pardo","description":"","publisher":{"@id":"https:\/\/joieriagloriapardo.com\/#organization"},"potentialAction":[{"@type":"SearchAction","target":{"@type":"EntryPoint","urlTemplate":"https:\/\/joieriagloriapardo.com\/?s={search_term_string}"},"query-input":{"@type":"PropertyValueSpecification","valueRequired":true,"valueName":"search_term_string"}}],"inLanguage":"es"},{"@type":"Organization","@id":"https:\/\/joieriagloriapardo.com\/#organization","name":"Gl\u00f2ria Pardo","url":"https:\/\/joieriagloriapardo.com\/","logo":{"@type":"ImageObject","inLanguage":"es","@id":"https:\/\/joieriagloriapardo.com\/#\/schema\/logo\/image\/","url":"https:\/\/joieriagloriapardo.com\/wp-content\/uploads\/2022\/03\/gloria-pardo-gold.svg","contentUrl":"https:\/\/joieriagloriapardo.com\/wp-content\/uploads\/2022\/03\/gloria-pardo-gold.svg","width":"1024","height":"1024","caption":"Gl\u00f2ria Pardo"},"image":{"@id":"https:\/\/joieriagloriapardo.com\/#\/schema\/logo\/image\/"},"sameAs":["https:\/\/www.facebook.com\/JoieriaGloriaPardo\/","https:\/\/www.instagram.com\/joieriagloriapardo\/"]}]}},"jetpack_sharing_enabled":true,"_links":{"self":[{"href":"https:\/\/joieriagloriapardo.com\/es\/wp-json\/wp\/v2\/pages\/2036","targetHints":{"allow":["GET"]}}],"collection":[{"href":"https:\/\/joieriagloriapardo.com\/es\/wp-json\/wp\/v2\/pages"}],"about":[{"href":"https:\/\/joieriagloriapardo.com\/es\/wp-json\/wp\/v2\/types\/page"}],"author":[{"embeddable":true,"href":"https:\/\/joieriagloriapardo.com\/es\/wp-json\/wp\/v2\/users\/4"}],"replies":[{"embeddable":true,"href":"https:\/\/joieriagloriapardo.com\/es\/wp-json\/wp\/v2\/comments?post=2036"}],"version-history":[{"count":8,"href":"https:\/\/joieriagloriapardo.com\/es\/wp-json\/wp\/v2\/pages\/2036\/revisions"}],"predecessor-version":[{"id":4789,"href":"https:\/\/joieriagloriapardo.com\/es\/wp-json\/wp\/v2\/pages\/2036\/revisions\/4789"}],"wp:attachment":[{"href":"https:\/\/joieriagloriapardo.com\/es\/wp-json\/wp\/v2\/media?parent=2036"}],"curies":[{"name":"wp","href":"https:\/\/api.w.org\/{rel}","templated":true}]}}